{"id":4594,"date":"2020-09-12T18:26:30","date_gmt":"2020-09-12T21:26:30","guid":{"rendered":"http:\/\/irmascheilla.org.br\/?page_id=4594"},"modified":"2020-09-12T18:26:30","modified_gmt":"2020-09-12T21:26:30","slug":"sos-cidadao","status":"publish","type":"page","link":"https:\/\/irmascheilla.org.br\/?page_id=4594","title":{"rendered":"SOS Cidad\u00e3o"},"content":{"rendered":"<p>Sob coordena\u00e7\u00e3o do Dr. Omar Eid, o SOS Cidad\u00e3o \u00e9 uma iniciativa do Recanto de Luz &#8211; Pronto Socorro Espiritual Irm\u00e3 Scheilla,\u00a0\u00e9 um projeto assistencial que visa prestar assist\u00eancia m\u00e9dica \/ psicol\u00f3gica \/ outras \u00e1reas da sa\u00fade, gratuita \u00e0 popula\u00e7\u00e3o carente da cidade Ribeir\u00e3o Pires e proximidades.<\/p>\n<p>Com um ambulat\u00f3rio m\u00e9dico, generosamente oferecido pelo Dr. Nelson Colleoni, conta com alguns profissionais que, despojados e caridosos, dedicam algumas horas do seu dia para o atendidmento fraterno.<\/p>\n<p>O SOS Cidad\u00e3o j\u00e1 tem algumas parcerias, a APRAESPI e a EGO Multicl\u00ednica, para onde s\u00e3o encaminhados, quando o caso, para tratamento\u00a0 (Acupuntura &#8211; RPG e\u00a0 Psicologia).<\/p>\n<p><strong>Agendamento<\/strong>: 5\u00aa feira a partir das 14h \u00e0s 17:00 horas ou pelo telefone 4823-4707 com Rita.<\/p>\n<p>Local: (Rua \u00c1ustria, no 57, Jardim Alvorada, Ribeir\u00e3o Pires (SP), ao lado da escola t\u00e9cnica ETEC de Ribeir\u00e3o Pires)<\/p>\n<p><strong>\u00a0<\/strong><\/p>\n","protected":false},"excerpt":{"rendered":"<p>Sob coordena\u00e7\u00e3o do Dr. Omar Eid, o SOS Cidad\u00e3o \u00e9 uma iniciativa do Recanto de Luz &#8211; Pronto Socorro Espiritual Irm\u00e3 Scheilla,\u00a0\u00e9 um projeto assistencial que visa prestar assist\u00eancia m\u00e9dica \/ psicol\u00f3gica \/ outras \u00e1reas da sa\u00fade, gratuita \u00e0 popula\u00e7\u00e3o carente da cidade Ribeir\u00e3o Pires e proximidades. Com um ambulat\u00f3rio m\u00e9dico, generosamente oferecido pelo Dr. [&hellip;]<\/p>\n","protected":false},"author":4,"featured_media":0,"parent":234,"menu_order":0,"comment_status":"closed","ping_status":"open","template":"","meta":{"ngg_post_thumbnail":0},"_links":{"self":[{"href":"https:\/\/irmascheilla.org.br\/index.php?rest_route=\/wp\/v2\/pages\/4594"}],"collection":[{"href":"https:\/\/irmascheilla.org.br\/index.php?rest_route=\/wp\/v2\/pages"}],"about":[{"href":"https:\/\/irmascheilla.org.br\/index.php?rest_route=\/wp\/v2\/types\/page"}],"author":[{"embeddable":true,"href":"https:\/\/irmascheilla.org.br\/index.php?rest_route=\/wp\/v2\/users\/4"}],"replies":[{"embeddable":true,"href":"https:\/\/irmascheilla.org.br\/index.php?rest_route=%2Fwp%2Fv2%2Fcomments&post=4594"}],"version-history":[{"count":1,"href":"https:\/\/irmascheilla.org.br\/index.php?rest_route=\/wp\/v2\/pages\/4594\/revisions"}],"predecessor-version":[{"id":4595,"href":"https:\/\/irmascheilla.org.br\/index.php?rest_route=\/wp\/v2\/pages\/4594\/revisions\/4595"}],"up":[{"embeddable":true,"href":"https:\/\/irmascheilla.org.br\/index.php?rest_route=\/wp\/v2\/pages\/234"}],"wp:attachment":[{"href":"https:\/\/irmascheilla.org.br\/index.php?rest_route=%2Fwp%2Fv2%2Fmedia&parent=4594"}],"curies":[{"name":"wp","href":"https:\/\/api.w.org\/{rel}","templated":true}]}}