{"id":139,"date":"2012-03-17T14:12:39","date_gmt":"2012-03-17T14:12:39","guid":{"rendered":"http:\/\/irmascheilla.org.br\/?page_id=139"},"modified":"2024-01-30T10:51:17","modified_gmt":"2024-01-30T13:51:17","slug":"reunioes-publicas-de-estudo","status":"publish","type":"page","link":"https:\/\/irmascheilla.org.br\/?page_id=139","title":{"rendered":"Reuni\u00f5es P\u00fablicas"},"content":{"rendered":"<ul>\n<li style=\"list-style-type: none;\">\n<ul>\n<li><strong><span style=\"color: #4169e1;\">Reuni\u00f5es P\u00fablicas<\/span><\/strong><\/li>\n<\/ul>\n<\/li>\n<\/ul>\n<p style=\"padding-left: 80px;\"><strong>(1) Reuni\u00e3o P\u00fablica<\/strong><\/p>\n<p style=\"padding-left: 80px;\">\u00c0s ter\u00e7as-feiras, das 19h00 \u00e0s 21h00.<\/p>\n<p style=\"padding-left: 80px;\">Coordenador: Fabio Dionisi (fabiodionisi@terra.com.br)<\/p>\n<p style=\"padding-left: 80px;\"><strong>(2) Palestra P\u00fablica<\/strong><\/p>\n<p style=\"padding-left: 80px;\">\u00c0s quintas-feiras, das 19h00 \u00e0s 20h00.<\/p>\n<p style=\"padding-left: 80px;\">Coordenador: Arthur Lopes Couto (artlopezbr@gmail.com)<\/p>\n<ul>\n<li style=\"list-style-type: none;\">\n<ul>\n<li><strong><span style=\"color: #4169e1;\">As reuni\u00f5es de Cura Espiritual no Recanto de Luz &#8211; Irm\u00e3 Scheilla <\/span><\/strong> Verifique nossa agenda.<\/li>\n<\/ul>\n<\/li>\n<\/ul>\n<p style=\"padding-left: 80px;\">Endere\u00e7o rua \u00c1ustria, 57 &#8211; Jardim Alvorada &#8211; ao lado do Hospital S\u00e3o Lucas \u2013 Ribeir\u00e3o Pires &#8211;&nbsp;&nbsp;Telefone: (11) 4268.0445 (Sonia) ou telefone: (11) 4823-4707 .<\/p>\n<ul>\n<li style=\"list-style-type: none;\">\n<ul>\n<li><strong><span style=\"color: #4169e1;\">Os Passes no Recanto de Luz Irm\u00e3 Scheilla <\/span><\/strong> ocorrem todas <strong>Ter\u00e7as e Quintas-feiras \u00e0 noite ap\u00f3s as palestras.<\/strong><\/li>\n<\/ul>\n<\/li>\n<\/ul>\n<p>&nbsp;<\/p>\n","protected":false},"excerpt":{"rendered":"<p>Reuni\u00f5es P\u00fablicas (1) Reuni\u00e3o P\u00fablica \u00c0s ter\u00e7as-feiras, das 19h00 \u00e0s 21h00. Coordenador: Fabio Dionisi (fabiodionisi@terra.com.br) (2) Palestra P\u00fablica \u00c0s quintas-feiras, das 19h00 \u00e0s 20h00. Coordenador: Arthur Lopes Couto (artlopezbr@gmail.com) As reuni\u00f5es de Cura Espiritual no Recanto de Luz &#8211; Irm\u00e3 Scheilla Verifique nossa agenda. Endere\u00e7o rua \u00c1ustria, 57 &#8211; Jardim Alvorada &#8211; ao lado do [&hellip;]<\/p>\n","protected":false},"author":1,"featured_media":0,"parent":118,"menu_order":7,"comment_status":"closed","ping_status":"open","template":"","meta":{"ngg_post_thumbnail":0},"_links":{"self":[{"href":"https:\/\/irmascheilla.org.br\/index.php?rest_route=\/wp\/v2\/pages\/139"}],"collection":[{"href":"https:\/\/irmascheilla.org.br\/index.php?rest_route=\/wp\/v2\/pages"}],"about":[{"href":"https:\/\/irmascheilla.org.br\/index.php?rest_route=\/wp\/v2\/types\/page"}],"author":[{"embeddable":true,"href":"https:\/\/irmascheilla.org.br\/index.php?rest_route=\/wp\/v2\/users\/1"}],"replies":[{"embeddable":true,"href":"https:\/\/irmascheilla.org.br\/index.php?rest_route=%2Fwp%2Fv2%2Fcomments&post=139"}],"version-history":[{"count":25,"href":"https:\/\/irmascheilla.org.br\/index.php?rest_route=\/wp\/v2\/pages\/139\/revisions"}],"predecessor-version":[{"id":4777,"href":"https:\/\/irmascheilla.org.br\/index.php?rest_route=\/wp\/v2\/pages\/139\/revisions\/4777"}],"up":[{"embeddable":true,"href":"https:\/\/irmascheilla.org.br\/index.php?rest_route=\/wp\/v2\/pages\/118"}],"wp:attachment":[{"href":"https:\/\/irmascheilla.org.br\/index.php?rest_route=%2Fwp%2Fv2%2Fmedia&parent=139"}],"curies":[{"name":"wp","href":"https:\/\/api.w.org\/{rel}","templated":true}]}}