{"id":137,"date":"2012-03-17T14:12:04","date_gmt":"2012-03-17T14:12:04","guid":{"rendered":"http:\/\/irmascheilla.org.br\/?page_id=137"},"modified":"2022-02-01T21:14:26","modified_gmt":"2022-02-02T00:14:26","slug":"cursos","status":"publish","type":"page","link":"https:\/\/irmascheilla.org.br\/?page_id=137","title":{"rendered":"Cursos"},"content":{"rendered":"<p><span style=\"color: #3366ff;\"><strong>Cursos Esp\u00edritas &#8211;\u00a0\u00a0<span style=\"color: #000000;\">Espiritismo 1\u00ba e 2\u00ba ano &#8211; Educa\u00e7\u00e3o Medi\u00fanica &#8211; 1\u00ba e 2\u00ba ano &#8211; Passe Normal ou de Tratamento &#8211; Reforma \u00edntima. Informa\u00e7\u00f5es tel: (11) 4823-4707\u00a0 Rita ou (11) 4268-0445\u00a0 Sonia.<\/span><\/strong><\/span><\/p>\n<p>&nbsp;<\/p>\n<p><span style=\"color: #3366ff;\"><strong>Curso Espiritismo Online ou Presencial<\/strong><\/span> <span style=\"text-decoration: underline;\"><strong><a title=\"Formul\u00e1rio de inscri\u00e7\u00e3o\" href=\"https:\/\/irmascheilla.org.br\/?page_id=4618\">Inscri\u00e7\u00f5es Aqui.<\/a><\/strong><\/span><\/p>\n<p>&nbsp;<\/p>\n<p><span style=\"color: #3366ff;\"><strong>Evangeliza\u00e7\u00e3o Infantil\/Juvenil &#8211; <span style=\"color: #000000;\">Informa\u00e7\u00f5es: Coordenadora : Cristina Gar\u00e1 Dionisi (crisgara1@hotmail.com) ou tel: (11) 4823-4707\u00a0<\/span><\/strong><\/span><\/p>\n<p>&nbsp;<\/p>\n<p><strong><span style=\"color: #4169e1;\">Artesanato e Artes Manuais &#8211;\u00a0<\/span><\/strong>INFORMA\u00c7\u00d5ES :-\u00a0 COORDENADORA CIDA GAR\u00c1 &#8211; TEL: (11) 4823-5940<\/p>\n<p><strong><br \/>\n<\/strong><\/p>\n","protected":false},"excerpt":{"rendered":"<p>Cursos Esp\u00edritas &#8211;\u00a0\u00a0Espiritismo 1\u00ba e 2\u00ba ano &#8211; Educa\u00e7\u00e3o Medi\u00fanica &#8211; 1\u00ba e 2\u00ba ano &#8211; Passe Normal ou de Tratamento &#8211; Reforma \u00edntima. Informa\u00e7\u00f5es tel: (11) 4823-4707\u00a0 Rita ou (11) 4268-0445\u00a0 Sonia. &nbsp; Curso Espiritismo Online ou Presencial Inscri\u00e7\u00f5es Aqui. &nbsp; Evangeliza\u00e7\u00e3o Infantil\/Juvenil &#8211; Informa\u00e7\u00f5es: Coordenadora : Cristina Gar\u00e1 Dionisi (crisgara1@hotmail.com) ou tel: (11) [&hellip;]<\/p>\n","protected":false},"author":1,"featured_media":0,"parent":118,"menu_order":8,"comment_status":"closed","ping_status":"open","template":"","meta":{"ngg_post_thumbnail":0},"_links":{"self":[{"href":"https:\/\/irmascheilla.org.br\/index.php?rest_route=\/wp\/v2\/pages\/137"}],"collection":[{"href":"https:\/\/irmascheilla.org.br\/index.php?rest_route=\/wp\/v2\/pages"}],"about":[{"href":"https:\/\/irmascheilla.org.br\/index.php?rest_route=\/wp\/v2\/types\/page"}],"author":[{"embeddable":true,"href":"https:\/\/irmascheilla.org.br\/index.php?rest_route=\/wp\/v2\/users\/1"}],"replies":[{"embeddable":true,"href":"https:\/\/irmascheilla.org.br\/index.php?rest_route=%2Fwp%2Fv2%2Fcomments&post=137"}],"version-history":[{"count":57,"href":"https:\/\/irmascheilla.org.br\/index.php?rest_route=\/wp\/v2\/pages\/137\/revisions"}],"predecessor-version":[{"id":265,"href":"https:\/\/irmascheilla.org.br\/index.php?rest_route=\/wp\/v2\/pages\/137\/revisions\/265"}],"up":[{"embeddable":true,"href":"https:\/\/irmascheilla.org.br\/index.php?rest_route=\/wp\/v2\/pages\/118"}],"wp:attachment":[{"href":"https:\/\/irmascheilla.org.br\/index.php?rest_route=%2Fwp%2Fv2%2Fmedia&parent=137"}],"curies":[{"name":"wp","href":"https:\/\/api.w.org\/{rel}","templated":true}]}}