{"id":133,"date":"2012-03-17T14:11:05","date_gmt":"2012-03-17T14:11:05","guid":{"rendered":"http:\/\/irmascheilla.org.br\/?page_id=133"},"modified":"2024-01-04T16:17:42","modified_gmt":"2024-01-04T19:17:42","slug":"cura","status":"publish","type":"page","link":"https:\/\/irmascheilla.org.br\/?page_id=133","title":{"rendered":"Cura"},"content":{"rendered":"<p style=\"text-align: center;\"><span style=\"color: #000000;\">Para ser atendido \u00e0 dist\u00e2ncia, o paciente precisa <strong>preencher uma ficha online<\/strong> dispon\u00edvel no link:<\/span><\/p>\n<p style=\"text-align: center;\"><strong><span style=\"color: #ff0000;\"><a style=\"color: #ff0000;\" href=\"https:\/\/irmascheilla.org.br\/?page_id=1840\">https:\/\/irmascheilla.org.br\/?page_id=1840<\/a><\/span><\/strong><\/p>\n<p style=\"text-align: center; padding-left: 40px;\">O atendimento presencial poder\u00e1 ocorrer se for solicitado pela orienta\u00e7\u00e3o espiritual, em dia e hora determinados.<\/p>\n<p style=\"text-align: center;\">______________________________________________________________________________<\/p>\n<p style=\"padding-left: 40px;\">As reuni\u00f5es de Cura Espiritual ocorrem semanalmente.&nbsp;Abaixo est\u00e3o as informa\u00e7\u00f5es de cada um dos locais de atendimento.<\/p>\n<p style=\"padding-left: 40px;\">Caso voc\u00ea n\u00e3o tenha condi\u00e7\u00f5es de locomo\u00e7\u00e3o entre em contato para obter informa\u00e7\u00f5es sobre atendimento a dist\u00e2ncia.<\/p>\n<p style=\"text-align: center;\">________________________________________________________________________________<\/p>\n<p style=\"padding-left: 80px;\"><strong>Recanto de Luz Irm\u00e3 Scheilla <\/strong><em>(Ribeir\u00e3o Pires) <\/em><strong>&#8211; Reuni\u00f5es de cura e cirurgia espiritual<\/strong><\/p>\n<ul>\n<li style=\"list-style-type: none;\">\n<ul>\n<li style=\"list-style-type: none;\">\n<ul>\n<li>1\u00ba e 3\u00ba quartas-feiras de cada m\u00eas. O hor\u00e1rio de in\u00edcio \u00e9 a partir das 18:30hs.<\/li>\n<li>2\u00ba e 4\u00ba s\u00e1bados de cada m\u00eas. O hor\u00e1rio de in\u00edcio \u00e9 a partir das 06:30hs.<\/li>\n<\/ul>\n<\/li>\n<\/ul>\n<\/li>\n<\/ul>\n<p style=\"text-align: center; padding-left: 40px;\">Endere\u00e7o Rua \u00c1ustria, 57 &#8211; Jardim Alvorada &#8211; ao lado do Hospital S\u00e3o Lucas \u2013 Ribeir\u00e3o Pires<\/p>\n<p style=\"text-align: center; padding-left: 40px;\">Telefone: 4268.0445 &#8211; falar com Sonia Machado<\/p>\n<p style=\"padding-left: 40px;\"><strong><span style=\"text-decoration: underline;\">AVISOS IMPORTANTES<\/span><\/strong><\/p>\n<ul>\n<li style=\"list-style-type: none;\">\n<ul>\n<li style=\"list-style-type: none;\">\n<ul>\n<li>Todos devem vir acompanhados, bem alimentados e com roupas confort\u00e1veis<\/li>\n<li>Trazer uma garrafa de \u00e1gua com o seu nome para ser fluidificada<\/li>\n<\/ul>\n<\/li>\n<\/ul>\n<\/li>\n<\/ul>\n<p style=\"padding-left: 40px;\"><span style=\"text-decoration: underline;\"><strong>ATENDIMENTO PARA A COORDENADORIA DE ORIENTA\u00c7\u00c3O ESPIRITUAL \u2013 COE<\/strong><\/span><\/p>\n<p style=\"padding-left: 40px;\">O que \u00e9?<\/p>\n<p style=\"padding-left: 40px;\">E a coordenadoria que recebe as pessoas necessitadas de apoio para atendimento espiritual como: Depress\u00e3o, Crise no lar, Incompreens\u00e3o, Insatisfa\u00e7\u00e3o e Outros. Tem por finalidade atender e facilitar o desabafo de crian\u00e7as, adolescentes e adultos por meio de entrevistas, exames espirituais e encaminhando para tratamento. Acelerando o processo espiritual e auxiliando a solucionar os seus problemas.<\/p>\n<p style=\"padding-left: 40px;\">Atendimento:&nbsp; Todas as ter\u00e7as-feiras das 19:00 hs. \u00e0s 20:30 hs. Procurar a Beth Lemos ou a Luzia.<\/p>\n<p style=\"padding-left: 40px;\">Local: Recanto de Luz Irm\u00e3 Scheilla \u2013 Rua \u00c1ustria, 57 \u2013 Jardim Eldorado \u2013 Ribeir\u00e3o Pires\/SP.<\/p>\n<p>&nbsp;<\/p>\n","protected":false},"excerpt":{"rendered":"<p>Para ser atendido \u00e0 dist\u00e2ncia, o paciente precisa preencher uma ficha online dispon\u00edvel no link: https:\/\/irmascheilla.org.br\/?page_id=1840 O atendimento presencial poder\u00e1 ocorrer se for solicitado pela orienta\u00e7\u00e3o espiritual, em dia e hora determinados. ______________________________________________________________________________ As reuni\u00f5es de Cura Espiritual ocorrem semanalmente.&nbsp;Abaixo est\u00e3o as informa\u00e7\u00f5es de cada um dos locais de atendimento. Caso voc\u00ea n\u00e3o tenha condi\u00e7\u00f5es [&hellip;]<\/p>\n","protected":false},"author":1,"featured_media":0,"parent":0,"menu_order":0,"comment_status":"closed","ping_status":"open","template":"","meta":{"ngg_post_thumbnail":0},"_links":{"self":[{"href":"https:\/\/irmascheilla.org.br\/index.php?rest_route=\/wp\/v2\/pages\/133"}],"collection":[{"href":"https:\/\/irmascheilla.org.br\/index.php?rest_route=\/wp\/v2\/pages"}],"about":[{"href":"https:\/\/irmascheilla.org.br\/index.php?rest_route=\/wp\/v2\/types\/page"}],"author":[{"embeddable":true,"href":"https:\/\/irmascheilla.org.br\/index.php?rest_route=\/wp\/v2\/users\/1"}],"replies":[{"embeddable":true,"href":"https:\/\/irmascheilla.org.br\/index.php?rest_route=%2Fwp%2Fv2%2Fcomments&post=133"}],"version-history":[{"count":28,"href":"https:\/\/irmascheilla.org.br\/index.php?rest_route=\/wp\/v2\/pages\/133\/revisions"}],"predecessor-version":[{"id":4744,"href":"https:\/\/irmascheilla.org.br\/index.php?rest_route=\/wp\/v2\/pages\/133\/revisions\/4744"}],"wp:attachment":[{"href":"https:\/\/irmascheilla.org.br\/index.php?rest_route=%2Fwp%2Fv2%2Fmedia&parent=133"}],"curies":[{"name":"wp","href":"https:\/\/api.w.org\/{rel}","templated":true}]}}