{"id":125,"date":"2012-03-17T14:07:47","date_gmt":"2012-03-17T14:07:47","guid":{"rendered":"http:\/\/irmascheilla.org.br\/?page_id=125"},"modified":"2024-01-04T17:15:11","modified_gmt":"2024-01-04T20:15:11","slug":"parcerias","status":"publish","type":"page","link":"https:\/\/irmascheilla.org.br\/?page_id=125","title":{"rendered":"M\u00e9dium Edson Barbosa Souza"},"content":{"rendered":"<p>&nbsp;<\/p>\n<p><img decoding=\"async\" class=\"aligncenter\" src=\"https:\/\/irmascheilla.org.br\/wp-content\/uploads\/2012\/03\/PAI.jpg\" alt=\"\"><\/p>\n<p style=\"padding-left: 40px;\"><strong>Quem \u00e9<\/strong> \u2013 Edson Barbosa de Souza, natural do Estado do Paran\u00e1, 55 anos, casado, pai de 02 filhos, \u00e9 m\u00e9dium esp\u00edrita h\u00e1 43 anos, dos quais 39 atuando como m\u00e9dium de curas (inicio 13\/02\/85) Orienta\u00e7\u00e3o do Benfeitor Espiritual DR. STEFANI OSWALD e DR. XAVIER , sendo 34 anos na cidade de Ribeir\u00e3o Pires\/SP.<br \/>\nM\u00e9dium sensitivo, psicofonico, efeitos fisicos, psicografo, receitista e M\u00e9dium de Curas.<\/p>\n<p style=\"padding-left: 40px;\">Desde crian\u00e7a, aos quatro ou cinco anos, em sua cidade natal, S\u00e3o Carlos do Iva\u00ed\/PR, Edson Barbosa de Souza percebeu que podia sentir a presen\u00e7a de esp\u00edritos. \u201cEu n\u00e3o entendia bem o que acontecia, mas podia v\u00ea-los e at\u00e9 conversar com eles\u201d, diz Edson que, desde o in\u00edcio dessas manifesta\u00e7\u00f5es, ganhou o apoio da m\u00e3e, Waldeci.<\/p>\n<p style=\"padding-left: 40px;\">S\u00f3 em 1981, quando fez uma visita a Chico Xavier, ficou sabendo da sua sensibilidade medi\u00fanica.<\/p>\n<p><img decoding=\"async\" class=\"aligncenter\" src=\"https:\/\/irmascheilla.org.br\/wp-content\/uploads\/2012\/03\/Image-3.jpg\" alt=\"\"><\/p>\n<p style=\"padding-left: 40px;\">Ele recebeu todas as orienta\u00e7\u00f5es necess\u00e1rias e adotou o espiritismo, atrav\u00e9s da doutrina de Allan Kardec.<\/p>\n<p><img decoding=\"async\" class=\"aligncenter\" src=\"https:\/\/irmascheilla.org.br\/wp-content\/uploads\/2012\/03\/Image-2.jpg\" alt=\"\"><\/p>\n<p style=\"padding-left: 40px;\">Em 1983, finalmente, ocorreu o primeiro contato com o seu mentor espiritual, Stefani Oswald, esp\u00edrito de um not\u00e1vel m\u00e9dico brasileiro, que em vida foi sanitarista, bi\u00f3logo, bot\u00e2nico e profundo conhecedor de ci\u00eancias naturais e tamb\u00e9m pesquisador da doen\u00e7a de Chagas e trabalhou no projeto Manguinhos, com a equipe de Carlos Chagas, para desenvolvimento da vacina contra a febre amarela e mal\u00e1ria. O nome verdadeiro do m\u00e9dico ele n\u00e3o quis declinar por motivos \u00f3bvios.<\/p>\n<p style=\"padding-left: 40px;\">Edson, al\u00e9m de m\u00e9dium sensitivo, \u00e9 psic\u00f3grafo desde 1984, recebendo mensagens de Stefani Oswald que, espiritualmente, examina as pessoas que procuram cura junto a ele e o orienta sobre qual a doen\u00e7a estabelecida e as provid\u00eancias que devem ser tomadas.<\/p>\n<p><img decoding=\"async\" class=\"aligncenter\" src=\"https:\/\/irmascheilla.org.br\/wp-content\/uploads\/2012\/03\/DSC08970.jpg\" alt=\"\"><\/p>\n<p style=\"padding-left: 40px;\">O trabalho de atendimento de cura e cirurgia espiritual aos doentes come\u00e7ou em 1985.<\/p>\n<div id=\"yui_3_13_0_ym1_1_1388756993704_2354\" style=\"padding-left: 40px;\"><strong id=\"yui_3_13_0_ym1_1_1388756993704_2353\">A quantidade de assistidos com essa tarefa, de acordo com a Espiritualidade, \u00e9 acima 1.000.000<\/strong><\/div>\n<div id=\"yui_3_13_0_ym1_1_1388756993704_2376\" style=\"padding-left: 40px;\"><strong id=\"yui_3_13_0_ym1_1_1388756993704_2375\">atendimentos a pessoas de v\u00e1rias partes do &nbsp;pa\u00eds.<\/strong><\/div>\n<p style=\"padding-left: 40px;\">O atendimento, segundo Edson, n\u00e3o tem fins lucrativos e visa, sobretudo, \u201cauxiliar a todos os nossos irm\u00e3os doentes\u201d.<\/p>\n<p><img decoding=\"async\" class=\"aligncenter\" src=\"https:\/\/irmascheilla.org.br\/wp-content\/uploads\/2012\/03\/y.jpg\" alt=\"\"><\/p>\n<p style=\"padding-left: 40px;\">Uma grande equipe, formada por v\u00e1rios volunt\u00e1rios, colabora com o m\u00e9dium em seu trabalho.<\/p>\n<p style=\"padding-left: 40px;\">\u201cFazemos tudo pr\u00e9-determinado pelo esp\u00edrito Stefani Oswald. Se ele autoriza, fazemos, caso contr\u00e1rio, obedecemos\u201d, comenta.<\/p>\n<p style=\"padding-left: 40px;\">Ele diz que n\u00e3o precisa e nem gosta de promo\u00e7\u00e3o e que a finalidade de seu trabalho \u00e9 servir \u00e0s pessoas doentes que necessitam de cuidados especiais.<\/p>\n<p style=\"padding-left: 40px;\">O atendimento do m\u00e9dium Edson Barbosa de Souza se estende a v\u00e1rias partes do Brasil e, no Grande ABC, se concentra mais especificamente em &nbsp;Ribeir\u00e3o Pires atrav\u00e9s do Pronto Socorro Espiritual Irm\u00e3 Scheilla.<\/p>\n<p style=\"padding-left: 40px;\">E foi da C\u00e2mara Municipal da Est\u00e2ncia Tur\u00edstica de Ribeir\u00e3o Pires que Edson Barbosa de Souza recebeu o T\u00edtulo de Cidad\u00e3o Ribeir\u00e3opirense em reconhecimento as suas atividades medi\u00fanicas na cidade.<\/p>\n<p><img decoding=\"async\" class=\"aligncenter\" src=\"https:\/\/irmascheilla.org.br\/wp-content\/uploads\/2012\/03\/xbbb.jpg\" alt=\"\"><\/p>\n<p><img decoding=\"async\" class=\"aligncenter\" src=\"https:\/\/irmascheilla.org.br\/wp-content\/uploads\/2012\/03\/xxx.jpg\" alt=\"\"><\/p>\n","protected":false},"excerpt":{"rendered":"<p>&nbsp; Quem \u00e9 \u2013 Edson Barbosa de Souza, natural do Estado do Paran\u00e1, 55 anos, casado, pai de 02 filhos, \u00e9 m\u00e9dium esp\u00edrita h\u00e1 43 anos, dos quais 39 atuando como m\u00e9dium de curas (inicio 13\/02\/85) Orienta\u00e7\u00e3o do Benfeitor Espiritual DR. STEFANI OSWALD e DR. XAVIER , sendo 34 anos na cidade de Ribeir\u00e3o Pires\/SP. [&hellip;]<\/p>\n","protected":false},"author":1,"featured_media":0,"parent":133,"menu_order":2,"comment_status":"closed","ping_status":"open","template":"","meta":{"ngg_post_thumbnail":0},"_links":{"self":[{"href":"https:\/\/irmascheilla.org.br\/index.php?rest_route=\/wp\/v2\/pages\/125"}],"collection":[{"href":"https:\/\/irmascheilla.org.br\/index.php?rest_route=\/wp\/v2\/pages"}],"about":[{"href":"https:\/\/irmascheilla.org.br\/index.php?rest_route=\/wp\/v2\/types\/page"}],"author":[{"embeddable":true,"href":"https:\/\/irmascheilla.org.br\/index.php?rest_route=\/wp\/v2\/users\/1"}],"replies":[{"embeddable":true,"href":"https:\/\/irmascheilla.org.br\/index.php?rest_route=%2Fwp%2Fv2%2Fcomments&post=125"}],"version-history":[{"count":22,"href":"https:\/\/irmascheilla.org.br\/index.php?rest_route=\/wp\/v2\/pages\/125\/revisions"}],"predecessor-version":[{"id":4765,"href":"https:\/\/irmascheilla.org.br\/index.php?rest_route=\/wp\/v2\/pages\/125\/revisions\/4765"}],"up":[{"embeddable":true,"href":"https:\/\/irmascheilla.org.br\/index.php?rest_route=\/wp\/v2\/pages\/133"}],"wp:attachment":[{"href":"https:\/\/irmascheilla.org.br\/index.php?rest_route=%2Fwp%2Fv2%2Fmedia&parent=125"}],"curies":[{"name":"wp","href":"https:\/\/api.w.org\/{rel}","templated":true}]}}