{"id":118,"date":"2012-03-17T14:03:43","date_gmt":"2012-03-17T14:03:43","guid":{"rendered":"http:\/\/irmascheilla.org.br\/?page_id=118"},"modified":"2025-12-17T08:55:39","modified_gmt":"2025-12-17T11:55:39","slug":"recanto-de-luz-irma-scheilla","status":"publish","type":"page","link":"https:\/\/irmascheilla.org.br\/?page_id=118","title":{"rendered":"Recanto de Luz &#8211; Pronto Socorro Espiritual Irm\u00e3  Scheilla"},"content":{"rendered":"\n<p class=\"has-text-align-center\"><strong>&#8212; HOR\u00c1RIO DE ATENDIMENTO &#8212;<\/strong><\/p>\n\n\n\n<p><strong>RECEP\u00c7\u00c3O<\/strong><\/p>\n\n\n\n<p><\/p>\n\n\n\n<p>2\u00aa a 6\u00aa feira \u2013 das 09:00 \u00e1s 18:00 \u2013 Procurar a Rita ou o Z\u00e9 Caetano (toque a campainha ao lado)<\/p>\n\n\n\n<p><strong>REUNI\u00d5ES DE CURA E CIRURGIA ESPIRITUAL (*)<\/strong><\/p>\n\n\n\n<p>1\u00aa e 3\u00aa Quartas-feiras do m\u00eas: chegar as 18:30<\/p>\n\n\n\n<p>2\u00ba e 4\u00ba S\u00e1bados do m\u00eas: chegar as 07:00 (manh\u00e3)<\/p>\n\n\n\n<p>(*) Confira no site, pois nem sempre \u00e9 nestas datas<\/p>\n\n\n\n<p><strong>REUNI\u00c3O P\u00daBLICA<\/strong><\/p>\n\n\n\n<p>3\u00aa feiras: das 19:00 \u00e0s 21:00<\/p>\n\n\n\n<p><strong>PALESTRA P\u00daBLICA MOCIDADE<\/strong><\/p>\n\n\n\n<p>2\u00aa feiras: das 20h00 \u00e0s 20h45<\/p>\n\n\n\n<p><strong>PASSES DE LIMPEZA E DE TRATAMENTO<\/strong><\/p>\n\n\n\n<p>LIMPEZA: 3\u00aa feiras (ap\u00f3s assistir a Reuni\u00e3o P\u00fablica) e 5\u00aa feiras (ap\u00f3s assistir a palestra)<\/p>\n\n\n\n<p>TRATAMENTO: 3\u00aa feiras: das 19:00 \u00e0s 19:45<\/p>\n\n\n\n<p><strong>ORIENTA\u00c7\u00c3O ESPIRITUAL<\/strong><\/p>\n\n\n\n<p>3\u00aa feira: das 19:00 \u00e0s 21:00<\/p>\n\n\n\n<p><strong>EVANGELIZA\u00c7\u00c3O INFANTIL E JUVENIL<\/strong><\/p>\n\n\n\n<p>3\u00aa feiras: das 19h00 \u00e0s 20h00<\/p>\n\n\n\n<p><strong>ATENDIMENTO FRATERNO<\/strong><\/p>\n\n\n\n<p>(cadastramento de fam\u00edlias para cesta b\u00e1sica)<\/p>\n\n\n\n<p>3as feiras: das 19h00 \u00e0s 21h00<\/p>\n\n\n\n<p><strong>DOMINGO FRATERNO E ENTREGA DAS CESTAS B\u00c1SICAS<\/strong><\/p>\n\n\n\n<p>(entrar em contato nos telefones abaixo)<\/p>\n\n\n\n<p><strong>BAZAR<\/strong><\/p>\n\n\n\n<p>Rua Miguel Prisco, 582<\/p>\n\n\n\n<p>6\u00aa feiras: das 10h00 \u00e0s 16h00<\/p>\n\n\n\n<p><strong style=\"font-size: revert; color: initial;\">Rua \u00c1ustria, 57 (Jardim Alvorada), em Ribeir\u00e3o Pires (SP) (ao lado do Hospital S\u00e3o Lucas), cep: 09402-080<\/strong><\/p>\n\n\n\n<p>Telefones: (11) 4823-4707 ou (11) 4268-0445 \u2013 cep: 09402-080 \u2013 Ribeir\u00e3o Pires (SP)&nbsp;<br>Facebook: Recanto De Luz Irm\u00e3 Scheilla \u2013 Site: www.irmascheilla.org.br<\/p>\n\n\n\n<figure class=\"wp-block-image\"><img decoding=\"async\" src=\"https:\/\/irmascheilla.org.br\/wp-content\/uploads\/2012\/03\/P1000097.jpg\" alt=\"\"\/><\/figure>\n\n\n\n<p><\/p>\n\n\n\n<figure class=\"wp-block-image size-large\"><a href=\"https:\/\/irmascheilla.org.br\/wp-content\/uploads\/2025\/06\/Agenda-do-mes-Trabalhos-de-curas-e-cirurgias-espirituais-Semestre-2-2025.jpg\"><img decoding=\"async\" loading=\"lazy\" width=\"972\" height=\"1024\" src=\"https:\/\/irmascheilla.org.br\/wp-content\/uploads\/2025\/06\/Agenda-do-mes-Trabalhos-de-curas-e-cirurgias-espirituais-Semestre-2-2025-972x1024.jpg\" alt=\"\" class=\"wp-image-4808\" srcset=\"https:\/\/irmascheilla.org.br\/wp-content\/uploads\/2025\/06\/Agenda-do-mes-Trabalhos-de-curas-e-cirurgias-espirituais-Semestre-2-2025-972x1024.jpg 972w, https:\/\/irmascheilla.org.br\/wp-content\/uploads\/2025\/06\/Agenda-do-mes-Trabalhos-de-curas-e-cirurgias-espirituais-Semestre-2-2025-285x300.jpg 285w, https:\/\/irmascheilla.org.br\/wp-content\/uploads\/2025\/06\/Agenda-do-mes-Trabalhos-de-curas-e-cirurgias-espirituais-Semestre-2-2025-768x809.jpg 768w, https:\/\/irmascheilla.org.br\/wp-content\/uploads\/2025\/06\/Agenda-do-mes-Trabalhos-de-curas-e-cirurgias-espirituais-Semestre-2-2025-1458x1536.jpg 1458w, https:\/\/irmascheilla.org.br\/wp-content\/uploads\/2025\/06\/Agenda-do-mes-Trabalhos-de-curas-e-cirurgias-espirituais-Semestre-2-2025.jpg 1600w\" sizes=\"(max-width: 972px) 100vw, 972px\" \/><\/a><\/figure>\n\n\n\n<figure class=\"wp-block-image size-large\"><a href=\"https:\/\/irmascheilla.org.br\/wp-content\/uploads\/2024\/01\/Reuniao-Publica-Divulgacao.jpg\"><img decoding=\"async\" loading=\"lazy\" width=\"1024\" height=\"560\" src=\"https:\/\/irmascheilla.org.br\/wp-content\/uploads\/2024\/01\/Reuniao-Publica-Divulgacao-1024x560.jpg\" alt=\"\" class=\"wp-image-4702\" srcset=\"https:\/\/irmascheilla.org.br\/wp-content\/uploads\/2024\/01\/Reuniao-Publica-Divulgacao-1024x560.jpg 1024w, https:\/\/irmascheilla.org.br\/wp-content\/uploads\/2024\/01\/Reuniao-Publica-Divulgacao-300x164.jpg 300w, https:\/\/irmascheilla.org.br\/wp-content\/uploads\/2024\/01\/Reuniao-Publica-Divulgacao-768x420.jpg 768w, https:\/\/irmascheilla.org.br\/wp-content\/uploads\/2024\/01\/Reuniao-Publica-Divulgacao.jpg 1280w\" sizes=\"(max-width: 1024px) 100vw, 1024px\" \/><\/a><\/figure>\n\n\n\n<p>Reuni\u00e3o P\u00fablica: \u00e0s ter\u00e7as-feiras<\/p>\n\n\n\n<figure class=\"wp-block-image size-full\"><a href=\"https:\/\/irmascheilla.org.br\/wp-content\/uploads\/2024\/01\/Diretoria-7-2023-2025.jpg\"><img decoding=\"async\" loading=\"lazy\" width=\"842\" height=\"595\" src=\"https:\/\/irmascheilla.org.br\/wp-content\/uploads\/2024\/01\/Diretoria-7-2023-2025.jpg\" alt=\"\" class=\"wp-image-4707\" srcset=\"https:\/\/irmascheilla.org.br\/wp-content\/uploads\/2024\/01\/Diretoria-7-2023-2025.jpg 842w, https:\/\/irmascheilla.org.br\/wp-content\/uploads\/2024\/01\/Diretoria-7-2023-2025-300x212.jpg 300w, https:\/\/irmascheilla.org.br\/wp-content\/uploads\/2024\/01\/Diretoria-7-2023-2025-768x543.jpg 768w\" sizes=\"(max-width: 842px) 100vw, 842px\" \/><\/a><\/figure>\n","protected":false},"excerpt":{"rendered":"<p>&#8212; HOR\u00c1RIO DE ATENDIMENTO &#8212; RECEP\u00c7\u00c3O 2\u00aa a 6\u00aa feira \u2013 das 09:00 \u00e1s 18:00 \u2013 Procurar a Rita ou o Z\u00e9 Caetano (toque a campainha ao lado) REUNI\u00d5ES DE CURA E CIRURGIA ESPIRITUAL (*) 1\u00aa e 3\u00aa Quartas-feiras do m\u00eas: chegar as 18:30 2\u00ba e 4\u00ba S\u00e1bados do m\u00eas: chegar as 07:00 (manh\u00e3) (*) [&hellip;]<\/p>\n","protected":false},"author":1,"featured_media":0,"parent":0,"menu_order":0,"comment_status":"closed","ping_status":"open","template":"","meta":{"ngg_post_thumbnail":0},"_links":{"self":[{"href":"https:\/\/irmascheilla.org.br\/index.php?rest_route=\/wp\/v2\/pages\/118"}],"collection":[{"href":"https:\/\/irmascheilla.org.br\/index.php?rest_route=\/wp\/v2\/pages"}],"about":[{"href":"https:\/\/irmascheilla.org.br\/index.php?rest_route=\/wp\/v2\/types\/page"}],"author":[{"embeddable":true,"href":"https:\/\/irmascheilla.org.br\/index.php?rest_route=\/wp\/v2\/users\/1"}],"replies":[{"embeddable":true,"href":"https:\/\/irmascheilla.org.br\/index.php?rest_route=%2Fwp%2Fv2%2Fcomments&post=118"}],"version-history":[{"count":19,"href":"https:\/\/irmascheilla.org.br\/index.php?rest_route=\/wp\/v2\/pages\/118\/revisions"}],"predecessor-version":[{"id":4821,"href":"https:\/\/irmascheilla.org.br\/index.php?rest_route=\/wp\/v2\/pages\/118\/revisions\/4821"}],"wp:attachment":[{"href":"https:\/\/irmascheilla.org.br\/index.php?rest_route=%2Fwp%2Fv2%2Fmedia&parent=118"}],"curies":[{"name":"wp","href":"https:\/\/api.w.org\/{rel}","templated":true}]}}