{"id":1150,"date":"2012-05-01T14:26:22","date_gmt":"2012-05-01T17:26:22","guid":{"rendered":"http:\/\/irmascheilla.org.br\/?page_id=1150"},"modified":"2024-01-04T15:55:15","modified_gmt":"2024-01-04T18:55:15","slug":"biblioteca","status":"publish","type":"page","link":"https:\/\/irmascheilla.org.br\/?page_id=1150","title":{"rendered":"Livraria Dr. Arthur Neiva"},"content":{"rendered":"<p style=\"text-align: center;\"><strong>Nossa livraria funciona tamb\u00e9m como a secretaria da Institui\u00e7\u00e3o <\/strong><\/p>\n<p style=\"text-align: center;\"><strong> (associados, informa\u00e7\u00f5es, contribui\u00e7\u00f5es, inscri\u00e7\u00e3o nos cursos, etc.).<\/strong><\/p>\n<p style=\"padding-left: 40px; text-align: center;\"><strong>Funcionamento da livraria do Recanto de Luz &#8211; Pronto Socorro Espiritual Irm\u00e3 Scheilla:<\/strong><\/p>\n\n<ol>\n \t<li style=\"list-style-type: none;\">\n<ol>\n \t<li style=\"list-style-type: none;\">\n<ol>\n \t<li style=\"list-style-type: none;\">\n<ol>\n \t<li style=\"list-style-type: none;\">\n<ol>\n \t<li style=\"list-style-type: none;\">\n<ol>\n \t<li>Todas ter\u00e7as-feiras das 18h30 \u00e0s 20h00.&nbsp;<\/li>\n \t<li><span style=\"font-size: revert; color: initial;\">Quartas-feiras de cura: das 18h30 \u00e0s 20h00.<\/span><\/li>\n \t<li>S\u00e1bados de cura: das 8h00 \u00e0s 15h00.<\/li>\n<\/ol>\n<\/li>\n<\/ol>\n<\/li>\n<\/ol>\n<\/li>\n<\/ol>\n<\/li>\n<\/ol>\n<\/li>\n<\/ol>\n<p style=\"padding-left: 40px; text-align: left;\">__________________________________________________________________________________<\/p>\n<p style=\"padding-left: 40px;\">A) Caso n\u00e3o encontre o livro que procure, deixe seu pedido que ser\u00e1 providenciado junto \u00e0s distribuidoras.<\/p>\n<p style=\"text-align: left; padding-left: 40px;\">B) Funciona como secretaria (associados, informa\u00e7\u00f5es, contribui\u00e7\u00f5es, inscri\u00e7\u00e3o nos cursos, etc.)<\/p>\n<p style=\"padding-left: 40px; text-align: left;\">___________________________________________________________________________________<\/p>\n<p style=\"padding-left: 40px;\"><strong>Rua \u00c1ustria, 57 (Jardim Alvorada), em Ribeir\u00e3o Pires (SP) (ao lado do Hospital S\u00e3o Lucas), cep: 09402-080<\/strong><\/p>\n<p style=\"padding-left: 80px;\"><!-- \/wp:paragraph --> <!-- wp:paragraph --><\/p>\n<p style=\"padding-left: 40px;\">Telefones: (11) 4823-4707 ou (11) 4268-0445 . Caixa Postal 17 \u2013 cep: 09400-970 \u2013 Ribeir\u00e3o Pires (SP)&nbsp;\nFacebook: Recanto De Luz Irm\u00e3 Scheilla \u2013 Site: www.irmascheilla.org.br<\/p>\n<p style=\"padding-left: 80px;\"><!-- \/wp:paragraph --><\/p>\n<p style=\"padding-left: 40px;\">&nbsp;<\/p>\n&nbsp;","protected":false},"excerpt":{"rendered":"<p>Nossa livraria funciona tamb\u00e9m como a secretaria da Institui\u00e7\u00e3o (associados, informa\u00e7\u00f5es, contribui\u00e7\u00f5es, inscri\u00e7\u00e3o nos cursos, etc.). Funcionamento da livraria do Recanto de Luz &#8211; Pronto Socorro Espiritual Irm\u00e3 Scheilla: Todas ter\u00e7as-feiras das 18h30 \u00e0s 20h00.&nbsp; Quartas-feiras de cura: das 18h30 \u00e0s 20h00. S\u00e1bados de cura: das 8h00 \u00e0s 15h00. __________________________________________________________________________________ A) Caso n\u00e3o encontre o [&hellip;]<\/p>\n","protected":false},"author":4,"featured_media":0,"parent":0,"menu_order":0,"comment_status":"closed","ping_status":"open","template":"","meta":{"ngg_post_thumbnail":0},"_links":{"self":[{"href":"https:\/\/irmascheilla.org.br\/index.php?rest_route=\/wp\/v2\/pages\/1150"}],"collection":[{"href":"https:\/\/irmascheilla.org.br\/index.php?rest_route=\/wp\/v2\/pages"}],"about":[{"href":"https:\/\/irmascheilla.org.br\/index.php?rest_route=\/wp\/v2\/types\/page"}],"author":[{"embeddable":true,"href":"https:\/\/irmascheilla.org.br\/index.php?rest_route=\/wp\/v2\/users\/4"}],"replies":[{"embeddable":true,"href":"https:\/\/irmascheilla.org.br\/index.php?rest_route=%2Fwp%2Fv2%2Fcomments&post=1150"}],"version-history":[{"count":11,"href":"https:\/\/irmascheilla.org.br\/index.php?rest_route=\/wp\/v2\/pages\/1150\/revisions"}],"predecessor-version":[{"id":4731,"href":"https:\/\/irmascheilla.org.br\/index.php?rest_route=\/wp\/v2\/pages\/1150\/revisions\/4731"}],"wp:attachment":[{"href":"https:\/\/irmascheilla.org.br\/index.php?rest_route=%2Fwp%2Fv2%2Fmedia&parent=1150"}],"curies":[{"name":"wp","href":"https:\/\/api.w.org\/{rel}","templated":true}]}}